{"id":4872,"date":"2025-05-30T10:48:32","date_gmt":"2025-05-30T10:48:32","guid":{"rendered":"https:\/\/www.luna-parks.com\/?page_id=4872"},"modified":"2025-05-30T11:00:56","modified_gmt":"2025-05-30T11:00:56","slug":"amusement-parks-belgium","status":"publish","type":"page","link":"https:\/\/www.luna-parks.com\/tr\/amusement-parks-belgium","title":{"rendered":"Bel\u00e7ika'daki E\u011flence Parklar\u0131 S\u0131ralamas\u0131 - Hangi Lunapark En \u00dcst S\u0131rada?"},"content":{"rendered":"<p>Bel\u00e7ika, kal\u0131c\u0131 tema parklar\u0131 ve sezonluk parklar\u0131n bir kar\u0131\u015f\u0131m\u0131n\u0131 sunan m\u00fctevaz\u0131 ancak y\u00fcksek kaliteli bir e\u011flence park\u0131 yelpazesine sahiptir <em>luna parklari<\/em> (ge\u00e7ici lunaparklar). \u0130ster heyecan verici h\u0131z trenleri, ister aile gezintileri veya canl\u0131 bir yaz panay\u0131r\u0131 ar\u0131yor olun, bu rehber <strong>Bel\u00e7ika'daki en iyi e\u011flence parklar\u0131<\/strong> ve vurgulamaktad\u0131r <strong>en y\u00fcksek puanl\u0131 luna park<\/strong> \u00fclkede.<\/p>\n<h2>Bel\u00e7ika'daki En \u0130yi E\u011flence Parklar\u0131<\/h2>\n<h3>1. <strong>Walibi Bel\u00e7ika<\/strong> - En \u0130yi Genel E\u011flence Park\u0131<\/h3>\n<p>\u2b50\u2b50\u2b50\u2b50\u2b50<\/p>\n<ul>\n<li><strong>Konum<\/strong>: Wavre, Valon Brabant (Br\u00fcksel yak\u0131n\u0131nda)<\/li>\n<li><strong>En \u0130yi S\u00fcr\u00fc\u015fler<\/strong>: Kondaa (megakoaster), Pulsar (g\u00fc\u00e7 s\u0131\u00e7ramas\u0131), Loup-Garou (ah\u015fap coaster)<\/li>\n<li><strong>Neden #1<\/strong>: Bel\u00e7ika'n\u0131n en b\u00fcy\u00fck tema park\u0131, en iyi s\u00fcr\u00fc\u015f \u00e7e\u015fitlili\u011fi, her ya\u015f i\u00e7in uygun<\/li>\n<\/ul>\n<p><strong>Walibi Bel\u00e7ika<\/strong> \u00fclkenin en \u00f6nde gelen e\u011flence park\u0131d\u0131r. Heyecan verici bardak altl\u0131klar\u0131, su gezintileri, s\u00fcr\u00fckleyici temal\u0131 b\u00f6lgeler ve k\u00fc\u00e7\u00fck \u00e7ocuklar i\u00e7in \u00f6zel bir alana sahiptir. Son zamanlarda yap\u0131lan yat\u0131r\u0131mlar ve iyile\u015ftirmeler, buray\u0131 hem yerel halk hem de turistler i\u00e7in en \u00e7ok tercih edilen se\u00e7enek haline getirmektedir.<\/p>\n<h3>2. <strong>Plopsaland De Panne<\/strong> - \u00c7ocuklu Aileler i\u00e7in En \u0130yisi<\/h3>\n<p>\u2b50\u2b50\u2b50\u2b50\u2b50<\/p>\n<ul>\n<li><strong>Konum<\/strong>: De Panne, Bat\u0131 Flandre (Kuzey Denizi k\u0131y\u0131s\u0131na yak\u0131n)<\/li>\n<li><strong>En \u0130yi S\u00fcr\u00fc\u015fler<\/strong>: Ride to Happiness (ekstrem d\u00f6nme treni), Anubis: The Ride, SuperSplash<\/li>\n<li><strong>Neden Ziyaret Etmelisiniz<\/strong>: G\u00fc\u00e7l\u00fc tema, Studio 100 karakterleri nedeniyle \u00e7ocuklar aras\u0131nda pop\u00fcler<\/li>\n<\/ul>\n<p>Plopsaland, renkli aile atraksiyonlar\u0131n\u0131 birka\u00e7 ciddi heyecan s\u00fcr\u00fc\u015f\u00fcyle birle\u015ftiriyor. <em>Tomorrowland'den Mutlulu\u011fa Yolculuk<\/em> Avrupa'n\u0131n en yo\u011fun coaster'lar\u0131ndan biridir ve park\u0131n di\u011fer \u00e7ocuk dostu cazibesini dengeler.<\/p>\n<h3>3. <strong>Bobbejaanland<\/strong> - Gen\u00e7ler ve Gen\u00e7 Yeti\u015fkinler i\u00e7in En \u0130yisi<\/h3>\n<p>\u2b50\u2b50\u2b50\u2b50\u2b50<\/p>\n<ul>\n<li><strong>Konum<\/strong>: Lichtaart, Anvers \u0130li<\/li>\n<li><strong>En \u0130yi S\u00fcr\u00fc\u015fler<\/strong>: Fury (d\u00f6nen f\u0131rlatma treni), Typhoon, Sledge Hammer<\/li>\n<li><strong>Neden Ziyaret Etmelisiniz<\/strong>: G\u00fc\u00e7l\u00fc b\u00f6lgesel pop\u00fclerli\u011fe sahip modern bardak altl\u0131\u011f\u0131 serisi<\/li>\n<\/ul>\n<p>Bobbejaanland, gen\u00e7lere ve gen\u00e7 yeti\u015fkinlere odaklanan gezintileriyle orta b\u00fcy\u00fckl\u00fckte bir heyecan park\u0131na d\u00f6n\u00fc\u015fm\u00fc\u015ft\u00fcr. Walibi veya Plopsaland kadar temal\u0131 de\u011fildir, ancak heyecan ve k\u0131sa bekleme s\u00fcreleri sunar.<\/p>\n<h3>4. <strong>Bellewaerde<\/strong> - En \u0130yi Park-Hayvanat Bah\u00e7esi Melezi<\/h3>\n<p>\u2b50\u2b50\u2b50\u2b50\u2606<\/p>\n<ul>\n<li><strong>Konum<\/strong>: Ypres, Bat\u0131 Flanders<\/li>\n<li><strong>\u00dcst \u00d6zellikler<\/strong>: Boomerang coaster, orman temal\u0131 su gezintileri, hayvan bar\u0131naklar\u0131<\/li>\n<li><strong>Neden Ziyaret Etmelisiniz<\/strong>: E\u011flence mekanlar\u0131n\u0131 safari tarz\u0131 bir hayvanat bah\u00e7esiyle harmanl\u0131yor<\/li>\n<\/ul>\n<p>Bellewaerde, bir g\u00fcnde hem e\u011flence hem de e\u011fitim isteyen aileler i\u00e7in ideal olan e\u015fsiz bir do\u011fa ve gezinti kar\u0131\u015f\u0131m\u0131d\u0131r. Park iyi peyzajl\u0131d\u0131r ve hem heyecan hem de do\u011fa deneyimleri sunar.<\/p>\n<h3>5. <strong>Pairi Daiza<\/strong> - Hayvanlar ve Bah\u00e7eler i\u00e7in En \u0130yisi (Mansiyon)<\/h3>\n<p>\u2b50\u2b50\u2b50\u2b50\u2606<\/p>\n<ul>\n<li><strong>Konum<\/strong>: Brugelette, Hainaut<\/li>\n<li><strong>Odaklanma<\/strong>: Yaban hayat\u0131, s\u00fcr\u00fckleyici habitatlar, botanik deneyimler<\/li>\n<li><strong>Neden bahsedildi?<\/strong>: Geleneksel bir e\u011flence park\u0131 olmasa da, \u00f6l\u00e7e\u011fi, tasar\u0131m\u0131 ve s\u00fcr\u00fckleyici alanlar\u0131 bir tema park\u0131na yak\u0131n bir deneyim sunuyor<\/li>\n<\/ul>\n<p>Her ne kadar s\u00fcr\u00fc\u015fler eksik olsa da, <strong>Pairi Daiza<\/strong> detayl\u0131 temal\u0131 b\u00f6lgeleri ve y\u00fcksek koruma standartlar\u0131 sayesinde b\u00fcy\u00fck kalabal\u0131klar \u00e7ekmektedir. Tan\u0131nmay\u0131 hak eden \u00f6d\u00fcll\u00fc bir zooloji park\u0131d\u0131r.<\/p>\n<h2>Bel\u00e7ika'da Hangi Lunapark En \u0130yi Dereceye Sahip?<\/h2>\n<p>Kal\u0131c\u0131 parklar\u0131n aksine, <strong>Bel\u00e7ika'daki luna parklar\u0131<\/strong> festivaller veya \u015fehir etkinlikleri s\u0131ras\u0131nda ortaya \u00e7\u0131kan ge\u00e7ici fuarlard\u0131r. \u00d6zellikle yaz aylar\u0131nda ve ulusal bayramlarda yayg\u0131nd\u0131rlar. Bu mobil lunaparklar klasik gezintiler, karnaval oyunlar\u0131, at\u0131\u015ft\u0131rmal\u0131k standlar\u0131 ve ak\u015fam e\u011flenceleri i\u00e7erir.<\/p>\n<h3><strong>En Be\u011fenilenler: Luna Park Foire du Midi (Br\u00fcksel)<\/strong><\/h3>\n<ul>\n<li><strong>Konum<\/strong>: Boulevard du Midi, Br\u00fcksel<\/li>\n<li><strong>Sezon<\/strong>: Temmuz - A\u011fustos<\/li>\n<li><strong>Neden En \u0130yi Dereceye Sahip<\/strong>:\n<ul>\n<li>Bel\u00e7ika'n\u0131n en b\u00fcy\u00fck lunaparklar\u0131ndan biri<\/li>\n<li>Bir aydan fazla \u00e7al\u0131\u015f\u0131r<\/li>\n<li>Heyecanl\u0131 gezintiler, d\u00f6nme dolap, perili evler, yiyecek tezgahlar\u0131<\/li>\n<li>Kolay metro eri\u015fimi ile merkezi konum<\/li>\n<\/ul>\n<\/li>\n<\/ul>\n<p>Foire du Midi en tan\u0131nm\u0131\u015f olan\u0131d\u0131r <strong>Bel\u00e7ika'da luna park<\/strong>Her y\u0131l y\u00fcz binlerce ziyaret\u00e7inin ilgisini \u00e7ekmektedir. Br\u00fcksel'in kalbinde canl\u0131 bir festival atmosferinin yan\u0131 s\u0131ra heyecan verici gezintiler ve aile dostu cazibe merkezlerinin g\u00fc\u00e7l\u00fc bir kar\u0131\u015f\u0131m\u0131na sahiptir.<\/p>\n<h3>Bel\u00e7ika'daki Di\u011fer \u00d6nemli Lunaparklar<\/h3>\n<ul>\n<li><strong>Foire de Li\u00e8ge<\/strong> - D\u00fczinelerce gezinti ve oyunun yer ald\u0131\u011f\u0131 b\u00fcy\u00fck sonbahar panay\u0131r\u0131<\/li>\n<li><strong>Luna Park Namur<\/strong> - Daha k\u00fc\u00e7\u00fck ama yerel festivaller s\u0131ras\u0131nda pop\u00fcler<\/li>\n<li><strong>Foire de Mons<\/strong> - Heyecan dolu gezintiler ve klasik panay\u0131r cazibesi<\/li>\n<li><strong>Foire d'Anvers (Antwerp)<\/strong> - \u015eehirde merkezi konumda, sezonluk lunapark<\/li>\n<\/ul>\n<p>Bu etkinlikler genellikle birka\u00e7 hafta s\u00fcrer ve mevsimsel olarak de\u011fi\u015fir. \u00c7o\u011funa giri\u015f \u00fccretsizdir, bini\u015f ba\u015f\u0131na \u00f6deme bilet sistemleri vard\u0131r.<\/p>\n<h2>S\u0131ralama \u00d6zeti<\/h2>\n<table class=\"responsive-table\">\n<thead>\n<tr>\n<th>R\u00fctbe<\/th>\n<th>Park Ad\u0131<\/th>\n<th>Tip<\/th>\n<th>Konum<\/th>\n<th>\u00dcst \u00d6zellikler<\/th>\n<\/tr>\n<\/thead>\n<tbody>\n<tr>\n<td data-label=\"Rank\">1<\/td>\n<td data-label=\"Park Name\">Walibi Bel\u00e7ika<\/td>\n<td data-label=\"Type\">Kal\u0131c\u0131 Park<\/td>\n<td data-label=\"Location\">Wavre<\/td>\n<td data-label=\"Top Features\">En iyi genel s\u00fcr\u00fc\u015fler ve aile se\u00e7enekleri<\/td>\n<\/tr>\n<tr>\n<td data-label=\"Rank\">2<\/td>\n<td data-label=\"Park Name\">Plopsaland De Panne<\/td>\n<td data-label=\"Type\">Kal\u0131c\u0131 Park<\/td>\n<td data-label=\"Location\">De Panne<\/td>\n<td data-label=\"Top Features\">\u00c7ocuklar i\u00e7in temal\u0131, en iyi heyecan treni<\/td>\n<\/tr>\n<tr>\n<td data-label=\"Rank\">3<\/td>\n<td data-label=\"Park Name\">Bobbejaanland<\/td>\n<td data-label=\"Type\">Kal\u0131c\u0131 Park<\/td>\n<td data-label=\"Location\">Lichtaart<\/td>\n<td data-label=\"Top Features\">Gen\u00e7ler i\u00e7in g\u00fc\u00e7l\u00fc s\u00fcr\u00fc\u015f koleksiyonu<\/td>\n<\/tr>\n<tr>\n<td data-label=\"Rank\">4<\/td>\n<td data-label=\"Park Name\">Bellewaerde<\/td>\n<td data-label=\"Type\">Park-Hayvanat Bah\u00e7esi Melezi<\/td>\n<td data-label=\"Location\">Ypres<\/td>\n<td data-label=\"Top Features\">Su gezintileri + hayvan muhafazalar\u0131<\/td>\n<\/tr>\n<tr>\n<td data-label=\"Rank\">-<\/td>\n<td data-label=\"Park Name\">Foire du Midi (Br\u00fcksel)<\/td>\n<td data-label=\"Type\">Luna Park<\/td>\n<td data-label=\"Location\">Br\u00fcksel<\/td>\n<td data-label=\"Top Features\">En b\u00fcy\u00fck ve en iyi sezonluk lunapark<\/td>\n<\/tr>\n<\/tbody>\n<\/table>\n<h2>Bel\u00e7ika'da Lunapark ve E\u011flence Parklar\u0131n\u0131 Ziyaret Etmek \u0130\u00e7in \u0130pu\u00e7lar\u0131<\/h2>\n<ul>\n<li><strong>A\u00e7\u0131l\u0131\u015f Sezonu<\/strong>: Kal\u0131c\u0131 parklar genellikle Nisan'dan Kas\u0131m'a kadar devam eder; luna parklar \u015fehre g\u00f6re de\u011fi\u015fir<\/li>\n<li><strong>Diller<\/strong>: Frans\u0131zca ve Hollandaca yayg\u0131n olarak kullan\u0131lmaktad\u0131r; \u0130ngilizce turistik b\u00f6lgelerde yayg\u0131nd\u0131r<\/li>\n<li><strong>\u00d6deme<\/strong>: \u00c7o\u011fu park kart kabul eder, ancak lunaparklar genellikle nakit veya jeton sistemi kullan\u0131r<\/li>\n<li><strong>Nakliye<\/strong>: B\u00fcy\u00fck parklara trenle ula\u015f\u0131labilir; luna parklar\u0131 genellikle merkezi konumdad\u0131r<\/li>\n<li><strong>\u0130ndirimler<\/strong>: Tasarruf i\u00e7in biletleri \u00f6nceden \u00e7evrimi\u00e7i sat\u0131n al\u0131n; aile paketleri genellikle mevcuttur<\/li>\n<\/ul>","protected":false},"excerpt":{"rendered":"<p>Belgium has a modest but high-quality selection of amusement parks, offering a mix of permanent theme parks and seasonal luna parks (temporary funfairs). Whether you\u2019re looking for thrilling roller coasters, family rides, or a vibrant summer fairground, this guide ranks the top amusement parks in Belgium and highlights the top-rated luna park in the country. &#8230; <a title=\"Bel\u00e7ika&#039;daki E\u011flence Parklar\u0131 S\u0131ralamas\u0131 - Hangi Lunapark En \u00dcst S\u0131rada?\" class=\"read-more\" href=\"https:\/\/www.luna-parks.com\/tr\/amusement-parks-belgium\" aria-label=\"Read more about Ranking of the Amusement Parks in Belgium \u2013 Which Luna Park is Top-Rated?\">Daha fazla bilgi edinin<\/a><\/p>","protected":false},"author":1,"featured_media":0,"parent":0,"menu_order":0,"comment_status":"closed","ping_status":"closed","template":"","meta":{"_acf_changed":false,"footnotes":""},"class_list":["post-4872","page","type-page","status-publish"],"acf":[],"yoast_head":"<!-- This site is optimized with the Yoast SEO plugin v27.3 - https:\/\/yoast.com\/product\/yoast-seo-wordpress\/ -->\n<title>Ranking of the Amusement Parks in Belgium \u2013 Which Luna Park is Top-Rated?<\/title>\n<meta name=\"robots\" content=\"index, follow, max-snippet:-1, max-image-preview:large, max-video-preview:-1\" \/>\n<link rel=\"canonical\" href=\"https:\/\/www.luna-parks.com\/tr\/amusement-parks-belgium\/\" \/>\n<meta property=\"og:locale\" content=\"tr_TR\" \/>\n<meta property=\"og:type\" content=\"article\" \/>\n<meta property=\"og:title\" content=\"Ranking of the Amusement Parks in Belgium \u2013 Which Luna Park is Top-Rated?\" \/>\n<meta property=\"og:description\" content=\"Belgium has a modest but high-quality selection of amusement parks, offering a mix of permanent theme parks and seasonal luna parks (temporary funfairs). Whether you\u2019re looking for thrilling roller coasters, family rides, or a vibrant summer fairground, this guide ranks the top amusement parks in Belgium and highlights the top-rated luna park in the country. ... Read more\" \/>\n<meta property=\"og:url\" content=\"https:\/\/www.luna-parks.com\/tr\/amusement-parks-belgium\/\" \/>\n<meta property=\"og:site_name\" content=\"Luna-Parks.com\" \/>\n<meta property=\"article:modified_time\" content=\"2025-05-30T11:00:56+00:00\" \/>\n<meta name=\"twitter:card\" content=\"summary_large_image\" \/>\n<meta name=\"twitter:label1\" content=\"Tahmini okuma s\u00fcresi\" \/>\n\t<meta name=\"twitter:data1\" content=\"4 dakika\" \/>\n<script type=\"application\/ld+json\" class=\"yoast-schema-graph\">{\"@context\":\"https:\\\/\\\/schema.org\",\"@graph\":[{\"@type\":\"WebPage\",\"@id\":\"https:\\\/\\\/www.luna-parks.com\\\/amusement-parks-belgium\",\"url\":\"https:\\\/\\\/www.luna-parks.com\\\/amusement-parks-belgium\",\"name\":\"Ranking of the Amusement Parks in Belgium \u2013 Which Luna Park is Top-Rated?\",\"isPartOf\":{\"@id\":\"https:\\\/\\\/www.luna-parks.com\\\/#website\"},\"datePublished\":\"2025-05-30T10:48:32+00:00\",\"dateModified\":\"2025-05-30T11:00:56+00:00\",\"breadcrumb\":{\"@id\":\"https:\\\/\\\/www.luna-parks.com\\\/amusement-parks-belgium#breadcrumb\"},\"inLanguage\":\"tr\",\"potentialAction\":[{\"@type\":\"ReadAction\",\"target\":[\"https:\\\/\\\/www.luna-parks.com\\\/amusement-parks-belgium\"]}]},{\"@type\":\"BreadcrumbList\",\"@id\":\"https:\\\/\\\/www.luna-parks.com\\\/amusement-parks-belgium#breadcrumb\",\"itemListElement\":[{\"@type\":\"ListItem\",\"position\":1,\"name\":\"Home\",\"item\":\"https:\\\/\\\/www.luna-parks.com\\\/pt\\\/\"},{\"@type\":\"ListItem\",\"position\":2,\"name\":\"Ranking of the Amusement Parks in Belgium \u2013 Which Luna Park is Top-Rated?\"}]},{\"@type\":\"WebSite\",\"@id\":\"https:\\\/\\\/www.luna-parks.com\\\/#website\",\"url\":\"https:\\\/\\\/www.luna-parks.com\\\/\",\"name\":\"Luna-Parks.com\",\"description\":\"All the world&#039;s luna parks in one place\",\"publisher\":{\"@id\":\"https:\\\/\\\/www.luna-parks.com\\\/#organization\"},\"potentialAction\":[{\"@type\":\"SearchAction\",\"target\":{\"@type\":\"EntryPoint\",\"urlTemplate\":\"https:\\\/\\\/www.luna-parks.com\\\/?s={search_term_string}\"},\"query-input\":{\"@type\":\"PropertyValueSpecification\",\"valueRequired\":true,\"valueName\":\"search_term_string\"}}],\"inLanguage\":\"tr\"},{\"@type\":\"Organization\",\"@id\":\"https:\\\/\\\/www.luna-parks.com\\\/#organization\",\"name\":\"Luna-Parks.com\",\"url\":\"https:\\\/\\\/www.luna-parks.com\\\/\",\"logo\":{\"@type\":\"ImageObject\",\"inLanguage\":\"tr\",\"@id\":\"https:\\\/\\\/www.luna-parks.com\\\/#\\\/schema\\\/logo\\\/image\\\/\",\"url\":\"https:\\\/\\\/www.luna-parks.com\\\/wp-content\\\/uploads\\\/luna-parks-logo-1.webp\",\"contentUrl\":\"https:\\\/\\\/www.luna-parks.com\\\/wp-content\\\/uploads\\\/luna-parks-logo-1.webp\",\"width\":50,\"height\":50,\"caption\":\"Luna-Parks.com\"},\"image\":{\"@id\":\"https:\\\/\\\/www.luna-parks.com\\\/#\\\/schema\\\/logo\\\/image\\\/\"}}]}<\/script>\n<!-- \/ Yoast SEO plugin. -->","yoast_head_json":{"title":"Bel\u00e7ika'daki E\u011flence Parklar\u0131 S\u0131ralamas\u0131 - Hangi Lunapark En \u00dcst S\u0131rada?","robots":{"index":"index","follow":"follow","max-snippet":"max-snippet:-1","max-image-preview":"max-image-preview:large","max-video-preview":"max-video-preview:-1"},"canonical":"https:\/\/www.luna-parks.com\/tr\/amusement-parks-belgium\/","og_locale":"tr_TR","og_type":"article","og_title":"Ranking of the Amusement Parks in Belgium \u2013 Which Luna Park is Top-Rated?","og_description":"Belgium has a modest but high-quality selection of amusement parks, offering a mix of permanent theme parks and seasonal luna parks (temporary funfairs). Whether you\u2019re looking for thrilling roller coasters, family rides, or a vibrant summer fairground, this guide ranks the top amusement parks in Belgium and highlights the top-rated luna park in the country. ... Read more","og_url":"https:\/\/www.luna-parks.com\/tr\/amusement-parks-belgium\/","og_site_name":"Luna-Parks.com","article_modified_time":"2025-05-30T11:00:56+00:00","twitter_card":"summary_large_image","twitter_misc":{"Tahmini okuma s\u00fcresi":"4 dakika"},"schema":{"@context":"https:\/\/schema.org","@graph":[{"@type":"WebPage","@id":"https:\/\/www.luna-parks.com\/amusement-parks-belgium","url":"https:\/\/www.luna-parks.com\/amusement-parks-belgium","name":"Bel\u00e7ika'daki E\u011flence Parklar\u0131 S\u0131ralamas\u0131 - Hangi Lunapark En \u00dcst S\u0131rada?","isPartOf":{"@id":"https:\/\/www.luna-parks.com\/#website"},"datePublished":"2025-05-30T10:48:32+00:00","dateModified":"2025-05-30T11:00:56+00:00","breadcrumb":{"@id":"https:\/\/www.luna-parks.com\/amusement-parks-belgium#breadcrumb"},"inLanguage":"tr","potentialAction":[{"@type":"ReadAction","target":["https:\/\/www.luna-parks.com\/amusement-parks-belgium"]}]},{"@type":"BreadcrumbList","@id":"https:\/\/www.luna-parks.com\/amusement-parks-belgium#breadcrumb","itemListElement":[{"@type":"ListItem","position":1,"name":"Home","item":"https:\/\/www.luna-parks.com\/pt\/"},{"@type":"ListItem","position":2,"name":"Ranking of the Amusement Parks in Belgium \u2013 Which Luna Park is Top-Rated?"}]},{"@type":"WebSite","@id":"https:\/\/www.luna-parks.com\/#website","url":"https:\/\/www.luna-parks.com\/","name":"Luna-Parks.com","description":"T\u00fcm d\u00fcnya&#039;n\u0131n luna parklar\u0131 tek bir yerde","publisher":{"@id":"https:\/\/www.luna-parks.com\/#organization"},"potentialAction":[{"@type":"SearchAction","target":{"@type":"EntryPoint","urlTemplate":"https:\/\/www.luna-parks.com\/?s={search_term_string}"},"query-input":{"@type":"PropertyValueSpecification","valueRequired":true,"valueName":"search_term_string"}}],"inLanguage":"tr"},{"@type":"Organization","@id":"https:\/\/www.luna-parks.com\/#organization","name":"Luna-Parks.com","url":"https:\/\/www.luna-parks.com\/","logo":{"@type":"ImageObject","inLanguage":"tr","@id":"https:\/\/www.luna-parks.com\/#\/schema\/logo\/image\/","url":"https:\/\/www.luna-parks.com\/wp-content\/uploads\/luna-parks-logo-1.webp","contentUrl":"https:\/\/www.luna-parks.com\/wp-content\/uploads\/luna-parks-logo-1.webp","width":50,"height":50,"caption":"Luna-Parks.com"},"image":{"@id":"https:\/\/www.luna-parks.com\/#\/schema\/logo\/image\/"}}]}},"_links":{"self":[{"href":"https:\/\/www.luna-parks.com\/tr\/wp-json\/wp\/v2\/pages\/4872","targetHints":{"allow":["GET"]}}],"collection":[{"href":"https:\/\/www.luna-parks.com\/tr\/wp-json\/wp\/v2\/pages"}],"about":[{"href":"https:\/\/www.luna-parks.com\/tr\/wp-json\/wp\/v2\/types\/page"}],"author":[{"embeddable":true,"href":"https:\/\/www.luna-parks.com\/tr\/wp-json\/wp\/v2\/users\/1"}],"replies":[{"embeddable":true,"href":"https:\/\/www.luna-parks.com\/tr\/wp-json\/wp\/v2\/comments?post=4872"}],"version-history":[{"count":2,"href":"https:\/\/www.luna-parks.com\/tr\/wp-json\/wp\/v2\/pages\/4872\/revisions"}],"predecessor-version":[{"id":4876,"href":"https:\/\/www.luna-parks.com\/tr\/wp-json\/wp\/v2\/pages\/4872\/revisions\/4876"}],"wp:attachment":[{"href":"https:\/\/www.luna-parks.com\/tr\/wp-json\/wp\/v2\/media?parent=4872"}],"curies":[{"name":"wp","href":"https:\/\/api.w.org\/{rel}","templated":true}]}}