{"id":2,"date":"2016-05-10T03:48:21","date_gmt":"2016-05-10T03:48:21","guid":{"rendered":"https:\/\/www.luna-parks.com\/?page_id=2"},"modified":"2024-02-29T09:33:33","modified_gmt":"2024-02-29T09:33:33","slug":"ornek-sayfa","status":"publish","type":"page","link":"https:\/\/www.luna-parks.com\/tr\/","title":{"rendered":"Sabit Luna Parklar"},"content":{"rendered":"<script async src=\"https:\/\/pagead2.googlesyndication.com\/pagead\/js\/adsbygoogle.js\"><\/script>\r\n<!-- LP -->\r\n<ins class=\"adsbygoogle\"\r\n     style=\"display:block\"\r\n     data-ad-client=\"ca-pub-2550567420760549\"\r\n     data-ad-slot=\"2386894619\"\r\n     data-ad-format=\"auto\"\r\n     data-full-width-responsive=\"true\"><\/ins>\r\n<script>\r\n     (adsbygoogle = window.adsbygoogle || []).push({});\r\n<\/script>\n<h2>Tarih<\/h2>\n<p><span style=\"font-weight: 400;\">Luna Park, Schenectady yak\u0131nlar\u0131ndaki Rexford, New York'ta ilk Luna Park'\u0131n a\u00e7\u0131ld\u0131\u011f\u0131 1901 y\u0131l\u0131ndan bu yana lunapark ve e\u011flence parklar\u0131 i\u00e7in kullan\u0131lan bir isimdir. <\/span><\/p>\n<p><span style=\"font-weight: 400;\">\u0130kinci Luna Park 1903 y\u0131l\u0131nda Coney Adas\u0131'nda a\u00e7\u0131lm\u0131\u015ft\u0131r. Buras\u0131 \"orijinal\" Luna Park olarak kabul edilir ve ayn\u0131 zamanda en \u00fcnl\u00fcs\u00fcd\u00fcr. <\/span><span style=\"font-weight: 400;\">Park\u0131n ad\u0131n\u0131n k\u00f6keni belirsizdir. Bir teoriye g\u00f6re park\u0131n ana cazibe merkezlerinden biri olan bir zeplinin ad\u0131 verilmi\u015ftir. Bir di\u011fer teori ise kuruculardan birinin k\u0131z karde\u015finin ad\u0131n\u0131n verildi\u011fi y\u00f6n\u00fcndedir.<\/span><\/p>\n<p><span style=\"font-weight: 400;\">1905 y\u0131l\u0131nda Frederick Ingersoll ad\u0131nda bir h\u0131z treni m\u00fchendisi Pittsburgh ve Cleveland'da iki yeni Luna Park a\u00e7t\u0131. 1907 y\u0131l\u0131nda, Coney Island'daki ilk Luna Park'\u0131n da kurucular\u0131ndan biri olan Charles Loof taraf\u0131ndan Seattle, Washington'da d\u00f6rd\u00fcnc\u00fc bir Luna Park a\u00e7\u0131ld\u0131.<\/span><\/p>\n<p><span style=\"font-weight: 400;\">Daha sonra Frederic Ingersoll d\u00fcnya \u00e7ap\u0131nda 44 Luna Park daha a\u00e7t\u0131. B\u00f6ylece d\u00fcnyadaki ilk luna parklar zincirini olu\u015fturdu. Bu parklar\u0131, hi\u00e7bir ba\u011flant\u0131s\u0131 olmayan di\u011fer Luna Parklardan ay\u0131rmak i\u00e7in k\u0131sa bir s\u00fcre i\u00e7in isimlerini \"Ingersoll'un Luna Parklar\u0131\" olarak de\u011fi\u015ftirmeyi tercih etti. 1927'de \u00f6ld\u00fc\u011f\u00fcnde parklar\u0131n\u0131n \u00e7o\u011fu kapand\u0131. Ancak bu olay, ismin gelecekteki parklarda kullan\u0131lmas\u0131n\u0131 engellemedi.<\/span><\/p>\n<p><span style=\"font-weight: 400;\">\u0130kinci D\u00fcnya Sava\u015f\u0131'ndan sonra ba\u011f\u0131ms\u0131z \u015fovmenler sabit yerlerde sadece yaz aylar\u0131nda a\u00e7\u0131k olan e\u011flence parklar\u0131 a\u00e7maya ba\u015flad\u0131lar. \u015eovmenler kendi atraksiyonlar\u0131n\u0131n sahibiydi ve daha fazla m\u00fc\u015fteri \u00e7ekmek i\u00e7in bir araya gelmi\u015flerdi. Bu parklar\u0131n \u00e7o\u011fu Akdeniz ve Atlantik k\u0131y\u0131s\u0131 b\u00f6lgelerinde a\u00e7\u0131ld\u0131 ve buralara <\/span><i><span style=\"font-weight: 400;\">Luna Park<\/span><\/i><span style=\"font-weight: 400;\">. Bu Luna Parklar ile ilk parklar aras\u0131ndaki temel farklar \u015funlard\u0131: 1) bu yeni parklar tek bir \u015firkete de\u011fil, birka\u00e7 ba\u011f\u0131ms\u0131z \u015firkete aitti ve 2) yeni parklar atraksiyonlu e\u011flence parklar\u0131 de\u011fil, daha ziyade mobil lunaparklard\u0131.\u00a0<\/span><\/p>\n<p><span style=\"font-weight: 400;\">Bug\u00fcn, terim <\/span><i><span style=\"font-weight: 400;\">Luna Park<\/span><\/i><span style=\"font-weight: 400;\"> (bazen \u015f\u00f6yle de yaz\u0131l\u0131r <\/span><i><span style=\"font-weight: 400;\">Lunapark<\/span><\/i><span style=\"font-weight: 400;\">) kelimesi bir\u00e7ok dilde \"lunapark\" veya \"e\u011flence park\u0131\" anlam\u0131na gelir, ayn\u0131 \u015fekilde <\/span><i><span style=\"font-weight: 400;\">tivoli<\/span><\/i><span style=\"font-weight: 400;\"> lunaparklar, bah\u00e7eler ve sinema salonlar\u0131 ile ili\u015fkilendirilir. Hollandaca, Almanca, Yunanca, \u0130talyanca, T\u00fcrk\u00e7e ve \u0130branice'de kelimenin do\u011frudan anlam\u0131 <\/span><i><span style=\"font-weight: 400;\">Lunapark<\/span><\/i><span style=\"font-weight: 400;\"> \"e\u011flence park\u0131\" olarak \u00e7evrilebilir.<\/span><\/p>","protected":false},"excerpt":{"rendered":"<p>Tarih\u00e7e Luna Park, Schenectady yak\u0131nlar\u0131ndaki Rexford, New York'ta ilk Luna Park'\u0131n a\u00e7\u0131ld\u0131\u011f\u0131 1901 y\u0131l\u0131ndan bu yana lunapark ve e\u011flence parklar\u0131 i\u00e7in kullan\u0131lan bir isimdir. \u0130kinci Luna Park 1903 y\u0131l\u0131nda Coney Island'da a\u00e7\u0131lm\u0131\u015ft\u0131r. Bu \"orijinal\" Luna Park olarak kabul edilir ve ayn\u0131 zamanda en \u00fcnl\u00fcs\u00fcd\u00fcr ... <a title=\"Sabit Luna Parklar\" class=\"read-more\" href=\"https:\/\/www.luna-parks.com\/tr\/\" aria-label=\"Sabit Luna Parklar hakk\u0131nda devam\u0131n\u0131 oku\">Daha fazla bilgi edinin<\/a><\/p>","protected":false},"author":1,"featured_media":0,"parent":0,"menu_order":0,"comment_status":"closed","ping_status":"open","template":"lunafixed.php","meta":{"_acf_changed":false,"footnotes":""},"class_list":["post-2","page","type-page","status-publish"],"acf":[],"yoast_head":"<!-- This site is optimized with the Yoast SEO plugin v27.3 - https:\/\/yoast.com\/product\/yoast-seo-wordpress\/ -->\n<title>Fixed Luna Parks<\/title>\n<meta name=\"robots\" content=\"index, follow, max-snippet:-1, max-image-preview:large, max-video-preview:-1\" \/>\n<link rel=\"canonical\" href=\"https:\/\/www.luna-parks.com\/tr\/\" \/>\n<meta property=\"og:locale\" content=\"tr_TR\" \/>\n<meta property=\"og:type\" content=\"article\" \/>\n<meta property=\"og:title\" content=\"Fixed Luna Parks\" \/>\n<meta property=\"og:description\" content=\"History Luna Park is a name for funfairs and amusement parks that has been in use since 1901 when the first Luna Park opened in Rexford, New York, near Schenectady. The second Luna Park opened on Coney Island in 1903. This is considered as the &#8220;original&#8221; Luna Park and also the most famous of them ... Read more\" \/>\n<meta property=\"og:url\" content=\"https:\/\/www.luna-parks.com\/tr\/\" \/>\n<meta property=\"og:site_name\" content=\"Luna-Parks.com\" \/>\n<meta property=\"article:modified_time\" content=\"2024-02-29T09:33:33+00:00\" \/>\n<meta name=\"twitter:card\" content=\"summary_large_image\" \/>\n<meta name=\"twitter:label1\" content=\"Tahmini okuma s\u00fcresi\" \/>\n\t<meta name=\"twitter:data1\" content=\"2 dakika\" \/>\n<script type=\"application\/ld+json\" class=\"yoast-schema-graph\">{\"@context\":\"https:\\\/\\\/schema.org\",\"@graph\":[{\"@type\":\"WebPage\",\"@id\":\"https:\\\/\\\/www.luna-parks.com\\\/pt\\\/\",\"url\":\"https:\\\/\\\/www.luna-parks.com\\\/pt\\\/\",\"name\":\"Fixed Luna Parks\",\"isPartOf\":{\"@id\":\"https:\\\/\\\/www.luna-parks.com\\\/#website\"},\"datePublished\":\"2016-05-10T03:48:21+00:00\",\"dateModified\":\"2024-02-29T09:33:33+00:00\",\"breadcrumb\":{\"@id\":\"https:\\\/\\\/www.luna-parks.com\\\/pt\\\/#breadcrumb\"},\"inLanguage\":\"tr\",\"potentialAction\":[{\"@type\":\"ReadAction\",\"target\":[\"https:\\\/\\\/www.luna-parks.com\\\/pt\\\/\"]}]},{\"@type\":\"BreadcrumbList\",\"@id\":\"https:\\\/\\\/www.luna-parks.com\\\/pt\\\/#breadcrumb\",\"itemListElement\":[{\"@type\":\"ListItem\",\"position\":1,\"name\":\"Home\",\"item\":\"https:\\\/\\\/www.luna-parks.com\\\/pt\\\/\"},{\"@type\":\"ListItem\",\"position\":2,\"name\":\"Fixed Luna Parks\"}]},{\"@type\":\"WebSite\",\"@id\":\"https:\\\/\\\/www.luna-parks.com\\\/#website\",\"url\":\"https:\\\/\\\/www.luna-parks.com\\\/\",\"name\":\"Luna-Parks.com\",\"description\":\"All the world&#039;s luna parks in one place\",\"publisher\":{\"@id\":\"https:\\\/\\\/www.luna-parks.com\\\/#organization\"},\"potentialAction\":[{\"@type\":\"SearchAction\",\"target\":{\"@type\":\"EntryPoint\",\"urlTemplate\":\"https:\\\/\\\/www.luna-parks.com\\\/?s={search_term_string}\"},\"query-input\":{\"@type\":\"PropertyValueSpecification\",\"valueRequired\":true,\"valueName\":\"search_term_string\"}}],\"inLanguage\":\"tr\"},{\"@type\":\"Organization\",\"@id\":\"https:\\\/\\\/www.luna-parks.com\\\/#organization\",\"name\":\"Luna-Parks.com\",\"url\":\"https:\\\/\\\/www.luna-parks.com\\\/\",\"logo\":{\"@type\":\"ImageObject\",\"inLanguage\":\"tr\",\"@id\":\"https:\\\/\\\/www.luna-parks.com\\\/#\\\/schema\\\/logo\\\/image\\\/\",\"url\":\"https:\\\/\\\/www.luna-parks.com\\\/wp-content\\\/uploads\\\/luna-parks-logo-1.webp\",\"contentUrl\":\"https:\\\/\\\/www.luna-parks.com\\\/wp-content\\\/uploads\\\/luna-parks-logo-1.webp\",\"width\":50,\"height\":50,\"caption\":\"Luna-Parks.com\"},\"image\":{\"@id\":\"https:\\\/\\\/www.luna-parks.com\\\/#\\\/schema\\\/logo\\\/image\\\/\"}}]}<\/script>\n<!-- \/ Yoast SEO plugin. -->","yoast_head_json":{"title":"Sabit Luna Parklar","robots":{"index":"index","follow":"follow","max-snippet":"max-snippet:-1","max-image-preview":"max-image-preview:large","max-video-preview":"max-video-preview:-1"},"canonical":"https:\/\/www.luna-parks.com\/tr\/","og_locale":"tr_TR","og_type":"article","og_title":"Fixed Luna Parks","og_description":"History Luna Park is a name for funfairs and amusement parks that has been in use since 1901 when the first Luna Park opened in Rexford, New York, near Schenectady. The second Luna Park opened on Coney Island in 1903. This is considered as the &#8220;original&#8221; Luna Park and also the most famous of them ... Read more","og_url":"https:\/\/www.luna-parks.com\/tr\/","og_site_name":"Luna-Parks.com","article_modified_time":"2024-02-29T09:33:33+00:00","twitter_card":"summary_large_image","twitter_misc":{"Tahmini okuma s\u00fcresi":"2 dakika"},"schema":{"@context":"https:\/\/schema.org","@graph":[{"@type":"WebPage","@id":"https:\/\/www.luna-parks.com\/pt\/","url":"https:\/\/www.luna-parks.com\/pt\/","name":"Sabit Luna Parklar","isPartOf":{"@id":"https:\/\/www.luna-parks.com\/#website"},"datePublished":"2016-05-10T03:48:21+00:00","dateModified":"2024-02-29T09:33:33+00:00","breadcrumb":{"@id":"https:\/\/www.luna-parks.com\/pt\/#breadcrumb"},"inLanguage":"tr","potentialAction":[{"@type":"ReadAction","target":["https:\/\/www.luna-parks.com\/pt\/"]}]},{"@type":"BreadcrumbList","@id":"https:\/\/www.luna-parks.com\/pt\/#breadcrumb","itemListElement":[{"@type":"ListItem","position":1,"name":"Home","item":"https:\/\/www.luna-parks.com\/pt\/"},{"@type":"ListItem","position":2,"name":"Fixed Luna Parks"}]},{"@type":"WebSite","@id":"https:\/\/www.luna-parks.com\/#website","url":"https:\/\/www.luna-parks.com\/","name":"Luna-Parks.com","description":"T\u00fcm d\u00fcnya&#039;n\u0131n luna parklar\u0131 tek bir yerde","publisher":{"@id":"https:\/\/www.luna-parks.com\/#organization"},"potentialAction":[{"@type":"SearchAction","target":{"@type":"EntryPoint","urlTemplate":"https:\/\/www.luna-parks.com\/?s={search_term_string}"},"query-input":{"@type":"PropertyValueSpecification","valueRequired":true,"valueName":"search_term_string"}}],"inLanguage":"tr"},{"@type":"Organization","@id":"https:\/\/www.luna-parks.com\/#organization","name":"Luna-Parks.com","url":"https:\/\/www.luna-parks.com\/","logo":{"@type":"ImageObject","inLanguage":"tr","@id":"https:\/\/www.luna-parks.com\/#\/schema\/logo\/image\/","url":"https:\/\/www.luna-parks.com\/wp-content\/uploads\/luna-parks-logo-1.webp","contentUrl":"https:\/\/www.luna-parks.com\/wp-content\/uploads\/luna-parks-logo-1.webp","width":50,"height":50,"caption":"Luna-Parks.com"},"image":{"@id":"https:\/\/www.luna-parks.com\/#\/schema\/logo\/image\/"}}]}},"_links":{"self":[{"href":"https:\/\/www.luna-parks.com\/tr\/wp-json\/wp\/v2\/pages\/2","targetHints":{"allow":["GET"]}}],"collection":[{"href":"https:\/\/www.luna-parks.com\/tr\/wp-json\/wp\/v2\/pages"}],"about":[{"href":"https:\/\/www.luna-parks.com\/tr\/wp-json\/wp\/v2\/types\/page"}],"author":[{"embeddable":true,"href":"https:\/\/www.luna-parks.com\/tr\/wp-json\/wp\/v2\/users\/1"}],"replies":[{"embeddable":true,"href":"https:\/\/www.luna-parks.com\/tr\/wp-json\/wp\/v2\/comments?post=2"}],"version-history":[{"count":14,"href":"https:\/\/www.luna-parks.com\/tr\/wp-json\/wp\/v2\/pages\/2\/revisions"}],"predecessor-version":[{"id":4929,"href":"https:\/\/www.luna-parks.com\/tr\/wp-json\/wp\/v2\/pages\/2\/revisions\/4929"}],"wp:attachment":[{"href":"https:\/\/www.luna-parks.com\/tr\/wp-json\/wp\/v2\/media?parent=2"}],"curies":[{"name":"wp","href":"https:\/\/api.w.org\/{rel}","templated":true}]}}