{"id":4870,"date":"2025-05-30T11:00:52","date_gmt":"2025-05-30T11:00:52","guid":{"rendered":"https:\/\/www.luna-parks.com\/?page_id=4870"},"modified":"2025-05-30T11:27:25","modified_gmt":"2025-05-30T11:27:25","slug":"amusement-parks-belgium-map","status":"publish","type":"page","link":"https:\/\/www.luna-parks.com\/sv\/amusement-parks-belgium-map","title":{"rendered":"Karta \u00f6ver n\u00f6jesparker i Belgien"},"content":{"rendered":"<p>Kartan nedan visar alla de stora n\u00f6jesparkerna i Belgien:<\/p>\n<p><iframe src=\"https:\/\/www.google.com\/maps\/d\/embed?mid=1eGrbPZWQsxKeqakC_LtfrwdDRWbAE2Q&amp;ehbc=2E312F&amp;noprof=1\" width=\"640\" height=\"480\"><\/iframe><\/p>\n<p>H\u00e4r \u00e4r en lista \u00f6ver n\u00f6jesparkerna i Belgien p\u00e5 denna karta:<\/p>\n<ul>\n<li>Walibi Belgien<\/li>\n<li>Plopsaland De Panne<\/li>\n<li>Bobbejaanland<\/li>\n<li>Bellewaerde<\/li>\n<li>Pairi Daiza<\/li>\n<\/ul>\n<p><a href=\"https:\/\/www.luna-parks.com\/amusement-parks-belgium\">Du kan l\u00e4sa mer om n\u00f6jesparkerna i Belgien h\u00e4r<\/a>.<\/p>\n<p>H\u00e4r \u00e4r en bildversion av kartan ovan:<\/p>\n<p><img decoding=\"async\" class=\"aligncenter wp-image-4896 size-full\" src=\"https:\/\/www.luna-parks.com\/wp-content\/uploads\/amusement-parks-belgium-1.webp\" alt=\"Karta som visar de st\u00f6rsta n\u00f6jesparkerna i Belgien\" width=\"739\" height=\"618\" srcset=\"https:\/\/www.luna-parks.com\/wp-content\/uploads\/amusement-parks-belgium-1.webp 739w, https:\/\/www.luna-parks.com\/wp-content\/uploads\/amusement-parks-belgium-1-300x251.webp 300w, https:\/\/www.luna-parks.com\/wp-content\/uploads\/amusement-parks-belgium-1-14x12.webp 14w\" sizes=\"(max-width: 739px) 100vw, 739px\" \/><\/p>","protected":false},"excerpt":{"rendered":"<p>Kartan nedan visar alla de stora n\u00f6jesparkerna i Belgien: H\u00e4r \u00e4r en lista \u00f6ver n\u00f6jesparkerna i Belgien p\u00e5 denna karta: Walibi Belgium Plopsaland De Panne Bobbejaanland Bellewaerde Pairi Daiza Du kan l\u00e4sa mer om n\u00f6jesparkerna i Belgien h\u00e4r. H\u00e4r \u00e4r en bildversion av kartan ovan:<\/p>","protected":false},"author":1,"featured_media":0,"parent":0,"menu_order":0,"comment_status":"closed","ping_status":"closed","template":"","meta":{"_acf_changed":false,"footnotes":""},"class_list":["post-4870","page","type-page","status-publish"],"acf":[],"yoast_head":"<!-- This site is optimized with the Yoast SEO plugin v27.3 - https:\/\/yoast.com\/product\/yoast-seo-wordpress\/ -->\n<title>Map of Amusement Parks in Belgium<\/title>\n<meta name=\"robots\" content=\"index, follow, max-snippet:-1, max-image-preview:large, max-video-preview:-1\" \/>\n<link rel=\"canonical\" href=\"https:\/\/www.luna-parks.com\/sv\/amusement-parks-belgium-map\/\" \/>\n<meta property=\"og:locale\" content=\"sv_SE\" \/>\n<meta property=\"og:type\" content=\"article\" \/>\n<meta property=\"og:title\" content=\"Map of Amusement Parks in Belgium\" \/>\n<meta property=\"og:description\" content=\"The map below shows all the major amusement parks in Belgium: Here is a\u00a0 list of the amusement parks in Belgium on this map: Walibi Belgium Plopsaland De Panne Bobbejaanland Bellewaerde Pairi Daiza You can read more about the amusement parks in Belgium here. Here is an image version of the map above:\" \/>\n<meta property=\"og:url\" content=\"https:\/\/www.luna-parks.com\/sv\/amusement-parks-belgium-map\/\" \/>\n<meta property=\"og:site_name\" content=\"Luna-Parks.com\" \/>\n<meta property=\"article:modified_time\" content=\"2025-05-30T11:27:25+00:00\" \/>\n<meta property=\"og:image\" content=\"https:\/\/www.luna-parks.com\/wp-content\/uploads\/amusement-parks-belgium-1.webp\" \/>\n\t<meta property=\"og:image:width\" content=\"739\" \/>\n\t<meta property=\"og:image:height\" content=\"618\" \/>\n\t<meta property=\"og:image:type\" content=\"image\/webp\" \/>\n<meta name=\"twitter:card\" content=\"summary_large_image\" \/>\n<meta name=\"twitter:label1\" content=\"Ber\u00e4knad l\u00e4stid\" \/>\n\t<meta name=\"twitter:data1\" content=\"1 minut\" \/>\n<script type=\"application\/ld+json\" class=\"yoast-schema-graph\">{\"@context\":\"https:\\\/\\\/schema.org\",\"@graph\":[{\"@type\":\"WebPage\",\"@id\":\"https:\\\/\\\/www.luna-parks.com\\\/amusement-parks-belgium-map\",\"url\":\"https:\\\/\\\/www.luna-parks.com\\\/amusement-parks-belgium-map\",\"name\":\"Map of Amusement Parks in Belgium\",\"isPartOf\":{\"@id\":\"https:\\\/\\\/www.luna-parks.com\\\/#website\"},\"primaryImageOfPage\":{\"@id\":\"https:\\\/\\\/www.luna-parks.com\\\/amusement-parks-belgium-map#primaryimage\"},\"image\":{\"@id\":\"https:\\\/\\\/www.luna-parks.com\\\/amusement-parks-belgium-map#primaryimage\"},\"thumbnailUrl\":\"https:\\\/\\\/www.luna-parks.com\\\/wp-content\\\/uploads\\\/amusement-parks-belgium-1.webp\",\"datePublished\":\"2025-05-30T11:00:52+00:00\",\"dateModified\":\"2025-05-30T11:27:25+00:00\",\"breadcrumb\":{\"@id\":\"https:\\\/\\\/www.luna-parks.com\\\/amusement-parks-belgium-map#breadcrumb\"},\"inLanguage\":\"sv-SE\",\"potentialAction\":[{\"@type\":\"ReadAction\",\"target\":[\"https:\\\/\\\/www.luna-parks.com\\\/amusement-parks-belgium-map\"]}]},{\"@type\":\"ImageObject\",\"inLanguage\":\"sv-SE\",\"@id\":\"https:\\\/\\\/www.luna-parks.com\\\/amusement-parks-belgium-map#primaryimage\",\"url\":\"https:\\\/\\\/www.luna-parks.com\\\/wp-content\\\/uploads\\\/amusement-parks-belgium-1.webp\",\"contentUrl\":\"https:\\\/\\\/www.luna-parks.com\\\/wp-content\\\/uploads\\\/amusement-parks-belgium-1.webp\"},{\"@type\":\"BreadcrumbList\",\"@id\":\"https:\\\/\\\/www.luna-parks.com\\\/amusement-parks-belgium-map#breadcrumb\",\"itemListElement\":[{\"@type\":\"ListItem\",\"position\":1,\"name\":\"Home\",\"item\":\"https:\\\/\\\/www.luna-parks.com\\\/pt\\\/\"},{\"@type\":\"ListItem\",\"position\":2,\"name\":\"Map of Amusement Parks in Belgium\"}]},{\"@type\":\"WebSite\",\"@id\":\"https:\\\/\\\/www.luna-parks.com\\\/#website\",\"url\":\"https:\\\/\\\/www.luna-parks.com\\\/\",\"name\":\"Luna-Parks.com\",\"description\":\"All the world&#039;s luna parks in one place\",\"publisher\":{\"@id\":\"https:\\\/\\\/www.luna-parks.com\\\/#organization\"},\"potentialAction\":[{\"@type\":\"SearchAction\",\"target\":{\"@type\":\"EntryPoint\",\"urlTemplate\":\"https:\\\/\\\/www.luna-parks.com\\\/?s={search_term_string}\"},\"query-input\":{\"@type\":\"PropertyValueSpecification\",\"valueRequired\":true,\"valueName\":\"search_term_string\"}}],\"inLanguage\":\"sv-SE\"},{\"@type\":\"Organization\",\"@id\":\"https:\\\/\\\/www.luna-parks.com\\\/#organization\",\"name\":\"Luna-Parks.com\",\"url\":\"https:\\\/\\\/www.luna-parks.com\\\/\",\"logo\":{\"@type\":\"ImageObject\",\"inLanguage\":\"sv-SE\",\"@id\":\"https:\\\/\\\/www.luna-parks.com\\\/#\\\/schema\\\/logo\\\/image\\\/\",\"url\":\"https:\\\/\\\/www.luna-parks.com\\\/wp-content\\\/uploads\\\/luna-parks-logo-1.webp\",\"contentUrl\":\"https:\\\/\\\/www.luna-parks.com\\\/wp-content\\\/uploads\\\/luna-parks-logo-1.webp\",\"width\":50,\"height\":50,\"caption\":\"Luna-Parks.com\"},\"image\":{\"@id\":\"https:\\\/\\\/www.luna-parks.com\\\/#\\\/schema\\\/logo\\\/image\\\/\"}}]}<\/script>\n<!-- \/ Yoast SEO plugin. -->","yoast_head_json":{"title":"Karta \u00f6ver n\u00f6jesparker i Belgien","robots":{"index":"index","follow":"follow","max-snippet":"max-snippet:-1","max-image-preview":"max-image-preview:large","max-video-preview":"max-video-preview:-1"},"canonical":"https:\/\/www.luna-parks.com\/sv\/amusement-parks-belgium-map\/","og_locale":"sv_SE","og_type":"article","og_title":"Map of Amusement Parks in Belgium","og_description":"The map below shows all the major amusement parks in Belgium: Here is a\u00a0 list of the amusement parks in Belgium on this map: Walibi Belgium Plopsaland De Panne Bobbejaanland Bellewaerde Pairi Daiza You can read more about the amusement parks in Belgium here. Here is an image version of the map above:","og_url":"https:\/\/www.luna-parks.com\/sv\/amusement-parks-belgium-map\/","og_site_name":"Luna-Parks.com","article_modified_time":"2025-05-30T11:27:25+00:00","og_image":[{"width":739,"height":618,"url":"https:\/\/www.luna-parks.com\/wp-content\/uploads\/amusement-parks-belgium-1.webp","type":"image\/webp"}],"twitter_card":"summary_large_image","twitter_misc":{"Ber\u00e4knad l\u00e4stid":"1 minut"},"schema":{"@context":"https:\/\/schema.org","@graph":[{"@type":"WebPage","@id":"https:\/\/www.luna-parks.com\/amusement-parks-belgium-map","url":"https:\/\/www.luna-parks.com\/amusement-parks-belgium-map","name":"Karta \u00f6ver n\u00f6jesparker i Belgien","isPartOf":{"@id":"https:\/\/www.luna-parks.com\/#website"},"primaryImageOfPage":{"@id":"https:\/\/www.luna-parks.com\/amusement-parks-belgium-map#primaryimage"},"image":{"@id":"https:\/\/www.luna-parks.com\/amusement-parks-belgium-map#primaryimage"},"thumbnailUrl":"https:\/\/www.luna-parks.com\/wp-content\/uploads\/amusement-parks-belgium-1.webp","datePublished":"2025-05-30T11:00:52+00:00","dateModified":"2025-05-30T11:27:25+00:00","breadcrumb":{"@id":"https:\/\/www.luna-parks.com\/amusement-parks-belgium-map#breadcrumb"},"inLanguage":"sv-SE","potentialAction":[{"@type":"ReadAction","target":["https:\/\/www.luna-parks.com\/amusement-parks-belgium-map"]}]},{"@type":"ImageObject","inLanguage":"sv-SE","@id":"https:\/\/www.luna-parks.com\/amusement-parks-belgium-map#primaryimage","url":"https:\/\/www.luna-parks.com\/wp-content\/uploads\/amusement-parks-belgium-1.webp","contentUrl":"https:\/\/www.luna-parks.com\/wp-content\/uploads\/amusement-parks-belgium-1.webp"},{"@type":"BreadcrumbList","@id":"https:\/\/www.luna-parks.com\/amusement-parks-belgium-map#breadcrumb","itemListElement":[{"@type":"ListItem","position":1,"name":"Home","item":"https:\/\/www.luna-parks.com\/pt\/"},{"@type":"ListItem","position":2,"name":"Map of Amusement Parks in Belgium"}]},{"@type":"WebSite","@id":"https:\/\/www.luna-parks.com\/#website","url":"https:\/\/www.luna-parks.com\/","name":"Luna-Parks.com","description":"Alla v\u00e4rldens&#039;luna-parker p\u00e5 ett och samma st\u00e4lle","publisher":{"@id":"https:\/\/www.luna-parks.com\/#organization"},"potentialAction":[{"@type":"SearchAction","target":{"@type":"EntryPoint","urlTemplate":"https:\/\/www.luna-parks.com\/?s={search_term_string}"},"query-input":{"@type":"PropertyValueSpecification","valueRequired":true,"valueName":"search_term_string"}}],"inLanguage":"sv-SE"},{"@type":"Organization","@id":"https:\/\/www.luna-parks.com\/#organization","name":"Luna-Parks.com","url":"https:\/\/www.luna-parks.com\/","logo":{"@type":"ImageObject","inLanguage":"sv-SE","@id":"https:\/\/www.luna-parks.com\/#\/schema\/logo\/image\/","url":"https:\/\/www.luna-parks.com\/wp-content\/uploads\/luna-parks-logo-1.webp","contentUrl":"https:\/\/www.luna-parks.com\/wp-content\/uploads\/luna-parks-logo-1.webp","width":50,"height":50,"caption":"Luna-Parks.com"},"image":{"@id":"https:\/\/www.luna-parks.com\/#\/schema\/logo\/image\/"}}]}},"_links":{"self":[{"href":"https:\/\/www.luna-parks.com\/sv\/wp-json\/wp\/v2\/pages\/4870","targetHints":{"allow":["GET"]}}],"collection":[{"href":"https:\/\/www.luna-parks.com\/sv\/wp-json\/wp\/v2\/pages"}],"about":[{"href":"https:\/\/www.luna-parks.com\/sv\/wp-json\/wp\/v2\/types\/page"}],"author":[{"embeddable":true,"href":"https:\/\/www.luna-parks.com\/sv\/wp-json\/wp\/v2\/users\/1"}],"replies":[{"embeddable":true,"href":"https:\/\/www.luna-parks.com\/sv\/wp-json\/wp\/v2\/comments?post=4870"}],"version-history":[{"count":6,"href":"https:\/\/www.luna-parks.com\/sv\/wp-json\/wp\/v2\/pages\/4870\/revisions"}],"predecessor-version":[{"id":4883,"href":"https:\/\/www.luna-parks.com\/sv\/wp-json\/wp\/v2\/pages\/4870\/revisions\/4883"}],"wp:attachment":[{"href":"https:\/\/www.luna-parks.com\/sv\/wp-json\/wp\/v2\/media?parent=4870"}],"curies":[{"name":"wp","href":"https:\/\/api.w.org\/{rel}","templated":true}]}}