{"id":525,"date":"2019-07-15T19:39:04","date_gmt":"2019-07-15T19:39:04","guid":{"rendered":"https:\/\/www.luna-parks.com\/?page_id=525"},"modified":"2025-07-12T09:24:07","modified_gmt":"2025-07-12T09:24:07","slug":"om","status":"publish","type":"page","link":"https:\/\/www.luna-parks.com\/da\/about","title":{"rendered":"Om"},"content":{"rendered":"<p>P\u00e5 denne hjemmeside finder du en masse nyttig information om alle Luna-parkerne i verden. Hjemmesiden indeholder en oversigt over alle Luna-parkerne, samt en detaljeret beskrivelse af deres individuelle historie.<\/p>\n<p>Verdens luna-parker er ikke ejet af et firma eller samlet under \u00e9n organisation; de er separate forlystelsesparker ejet af forskellige firmaer eller selvst\u00e6ndige showmen (showrejsende). Generelt kan Luna-parkerne opdeles i to grupper:<\/p>\n<ul>\n<li><a href=\"https:\/\/www.luna-parks.com\/\">Faste Luna Parks<\/a> (som bliver det samme sted hele \u00e5ret) er ejet af en enkelt virksomhed.<\/li>\n<li><a href=\"https:\/\/www.luna-parks.com\/temporary-luna-parks\">Omrejsende Luna Parks<\/a> (der rejser hele \u00e5ret eller dele af \u00e5ret) best\u00e5r typisk af flere showrejsende, der rejser sammen. De enkelte showrejsende er normalt bundet sammen i familieejede virksomheder.<\/li>\n<\/ul>\n<p>De faste Luna-parker har ofte deres egne hjemmesider med information om attraktionerne, \u00e5bningstider, priser osv. De omrejsende Luna-parker har derimod n\u00e6sten aldrig deres egne hjemmesider. De praktiske oplysninger om parkerne kan typisk findes sporadisk p\u00e5 lokale myndigheders hjemmesider, turistguide-sider, nyhedshjemmesider eller lignende.<\/p>\n<p>Ideen bag Luna-Parks.com er at g\u00f8re al information om alle Luna-parkerne tilg\u00e6ngelig p\u00e5 \u00e9n enkelt hjemmeside. Det g\u00f8r det ogs\u00e5 lettere at finde andre Luna-parker i andre omr\u00e5der eller lande for fans af tivolier og forlystelsesparker.<\/p>\n<p>Vores hjemmeside er 100% gratis at bruge og tjener udelukkende penge p\u00e5 tekst-, billed- og videoannoncer fra Google AdSense. Vi sponsorerer eller favoriserer ikke nogen Luna Parks eller andre forlystelsesparker. Vi er dog \u00e5bne over for andre annoncemuligheder. Hvis du \u00f8nsker at annoncere p\u00e5 vores hjemmeside, bedes du kontakte os via linket nedenfor.<\/p>\n<p>Hvis du har sp\u00f8rgsm\u00e5l eller foresp\u00f8rgsler vedr\u00f8rende indholdet p\u00e5 vores hjemmeside, er du mere end velkommen til at kontakte <a href=\"https:\/\/www.luna-parks.com\/contact\">Kontakt os<\/a>.<\/p>","protected":false},"excerpt":{"rendered":"<p>P\u00e5 denne hjemmeside finder du en masse nyttig information om alle Luna-parkerne i verden. Hjemmesiden indeholder en oversigt over alle Luna-parkerne samt en detaljeret beskrivelse af deres individuelle historie. Verdens Luna-parker er ikke ejet af et firma eller samlet under en enkelt organisation; ... <a title=\"Om\" class=\"read-more\" href=\"https:\/\/www.luna-parks.com\/da\/about\" aria-label=\"L\u00e6s mere om Om\">L\u00e6s mere<\/a><\/p>","protected":false},"author":1,"featured_media":0,"parent":0,"menu_order":0,"comment_status":"closed","ping_status":"closed","template":"","meta":{"_acf_changed":false,"footnotes":""},"class_list":["post-525","page","type-page","status-publish"],"acf":[],"yoast_head":"<!-- This site is optimized with the Yoast SEO plugin v27.3 - https:\/\/yoast.com\/product\/yoast-seo-wordpress\/ -->\n<title>About<\/title>\n<meta name=\"robots\" content=\"index, follow, max-snippet:-1, max-image-preview:large, max-video-preview:-1\" \/>\n<link rel=\"canonical\" href=\"https:\/\/www.luna-parks.com\/da\/om\/\" \/>\n<meta property=\"og:locale\" content=\"da_DK\" \/>\n<meta property=\"og:type\" content=\"article\" \/>\n<meta property=\"og:title\" content=\"About\" \/>\n<meta property=\"og:description\" content=\"On this website you will find a lot of helpfull information about all the Luna Parks in the world. The website contains an overview of all the Luna Parks, as well as an detailed description of their individual histories. The world&#8217;s Luna Parks are not owned by a company or gathered under a single organisation; ... L\u00e6s Mere\" \/>\n<meta property=\"og:url\" content=\"https:\/\/www.luna-parks.com\/da\/om\/\" \/>\n<meta property=\"og:site_name\" content=\"Luna-Parks.com\" \/>\n<meta property=\"article:modified_time\" content=\"2025-07-12T09:24:07+00:00\" \/>\n<meta name=\"twitter:card\" content=\"summary_large_image\" \/>\n<meta name=\"twitter:label1\" content=\"Estimeret l\u00e6setid\" \/>\n\t<meta name=\"twitter:data1\" content=\"2 minutter\" \/>\n<script type=\"application\/ld+json\" class=\"yoast-schema-graph\">{\"@context\":\"https:\\\/\\\/schema.org\",\"@graph\":[{\"@type\":\"WebPage\",\"@id\":\"https:\\\/\\\/www.luna-parks.com\\\/about\",\"url\":\"https:\\\/\\\/www.luna-parks.com\\\/about\",\"name\":\"About\",\"isPartOf\":{\"@id\":\"https:\\\/\\\/www.luna-parks.com\\\/#website\"},\"datePublished\":\"2019-07-15T19:39:04+00:00\",\"dateModified\":\"2025-07-12T09:24:07+00:00\",\"breadcrumb\":{\"@id\":\"https:\\\/\\\/www.luna-parks.com\\\/about#breadcrumb\"},\"inLanguage\":\"da-DK\",\"potentialAction\":[{\"@type\":\"ReadAction\",\"target\":[\"https:\\\/\\\/www.luna-parks.com\\\/about\"]}]},{\"@type\":\"BreadcrumbList\",\"@id\":\"https:\\\/\\\/www.luna-parks.com\\\/about#breadcrumb\",\"itemListElement\":[{\"@type\":\"ListItem\",\"position\":1,\"name\":\"Home\",\"item\":\"https:\\\/\\\/www.luna-parks.com\\\/pt\\\/\"},{\"@type\":\"ListItem\",\"position\":2,\"name\":\"About\"}]},{\"@type\":\"WebSite\",\"@id\":\"https:\\\/\\\/www.luna-parks.com\\\/#website\",\"url\":\"https:\\\/\\\/www.luna-parks.com\\\/\",\"name\":\"Luna-Parks.com\",\"description\":\"All the world&#039;s luna parks in one place\",\"publisher\":{\"@id\":\"https:\\\/\\\/www.luna-parks.com\\\/#organization\"},\"potentialAction\":[{\"@type\":\"SearchAction\",\"target\":{\"@type\":\"EntryPoint\",\"urlTemplate\":\"https:\\\/\\\/www.luna-parks.com\\\/?s={search_term_string}\"},\"query-input\":{\"@type\":\"PropertyValueSpecification\",\"valueRequired\":true,\"valueName\":\"search_term_string\"}}],\"inLanguage\":\"da-DK\"},{\"@type\":\"Organization\",\"@id\":\"https:\\\/\\\/www.luna-parks.com\\\/#organization\",\"name\":\"Luna-Parks.com\",\"url\":\"https:\\\/\\\/www.luna-parks.com\\\/\",\"logo\":{\"@type\":\"ImageObject\",\"inLanguage\":\"da-DK\",\"@id\":\"https:\\\/\\\/www.luna-parks.com\\\/#\\\/schema\\\/logo\\\/image\\\/\",\"url\":\"https:\\\/\\\/www.luna-parks.com\\\/wp-content\\\/uploads\\\/luna-parks-logo-1.webp\",\"contentUrl\":\"https:\\\/\\\/www.luna-parks.com\\\/wp-content\\\/uploads\\\/luna-parks-logo-1.webp\",\"width\":50,\"height\":50,\"caption\":\"Luna-Parks.com\"},\"image\":{\"@id\":\"https:\\\/\\\/www.luna-parks.com\\\/#\\\/schema\\\/logo\\\/image\\\/\"}}]}<\/script>\n<!-- \/ Yoast SEO plugin. -->","yoast_head_json":{"title":"Om","robots":{"index":"index","follow":"follow","max-snippet":"max-snippet:-1","max-image-preview":"max-image-preview:large","max-video-preview":"max-video-preview:-1"},"canonical":"https:\/\/www.luna-parks.com\/da\/om\/","og_locale":"da_DK","og_type":"article","og_title":"About","og_description":"On this website you will find a lot of helpfull information about all the Luna Parks in the world. The website contains an overview of all the Luna Parks, as well as an detailed description of their individual histories. The world&#8217;s Luna Parks are not owned by a company or gathered under a single organisation; ... L\u00e6s Mere","og_url":"https:\/\/www.luna-parks.com\/da\/om\/","og_site_name":"Luna-Parks.com","article_modified_time":"2025-07-12T09:24:07+00:00","twitter_card":"summary_large_image","twitter_misc":{"Estimeret l\u00e6setid":"2 minutter"},"schema":{"@context":"https:\/\/schema.org","@graph":[{"@type":"WebPage","@id":"https:\/\/www.luna-parks.com\/about","url":"https:\/\/www.luna-parks.com\/about","name":"Om","isPartOf":{"@id":"https:\/\/www.luna-parks.com\/#website"},"datePublished":"2019-07-15T19:39:04+00:00","dateModified":"2025-07-12T09:24:07+00:00","breadcrumb":{"@id":"https:\/\/www.luna-parks.com\/about#breadcrumb"},"inLanguage":"da-DK","potentialAction":[{"@type":"ReadAction","target":["https:\/\/www.luna-parks.com\/about"]}]},{"@type":"BreadcrumbList","@id":"https:\/\/www.luna-parks.com\/about#breadcrumb","itemListElement":[{"@type":"ListItem","position":1,"name":"Home","item":"https:\/\/www.luna-parks.com\/pt\/"},{"@type":"ListItem","position":2,"name":"About"}]},{"@type":"WebSite","@id":"https:\/\/www.luna-parks.com\/#website","url":"https:\/\/www.luna-parks.com\/","name":"Luna-Parks.com","description":"Alle verdens&#039;luna-parker p\u00e5 \u00e9t sted","publisher":{"@id":"https:\/\/www.luna-parks.com\/#organization"},"potentialAction":[{"@type":"SearchAction","target":{"@type":"EntryPoint","urlTemplate":"https:\/\/www.luna-parks.com\/?s={search_term_string}"},"query-input":{"@type":"PropertyValueSpecification","valueRequired":true,"valueName":"search_term_string"}}],"inLanguage":"da-DK"},{"@type":"Organization","@id":"https:\/\/www.luna-parks.com\/#organization","name":"Luna-Parks.com","url":"https:\/\/www.luna-parks.com\/","logo":{"@type":"ImageObject","inLanguage":"da-DK","@id":"https:\/\/www.luna-parks.com\/#\/schema\/logo\/image\/","url":"https:\/\/www.luna-parks.com\/wp-content\/uploads\/luna-parks-logo-1.webp","contentUrl":"https:\/\/www.luna-parks.com\/wp-content\/uploads\/luna-parks-logo-1.webp","width":50,"height":50,"caption":"Luna-Parks.com"},"image":{"@id":"https:\/\/www.luna-parks.com\/#\/schema\/logo\/image\/"}}]}},"_links":{"self":[{"href":"https:\/\/www.luna-parks.com\/da\/wp-json\/wp\/v2\/pages\/525","targetHints":{"allow":["GET"]}}],"collection":[{"href":"https:\/\/www.luna-parks.com\/da\/wp-json\/wp\/v2\/pages"}],"about":[{"href":"https:\/\/www.luna-parks.com\/da\/wp-json\/wp\/v2\/types\/page"}],"author":[{"embeddable":true,"href":"https:\/\/www.luna-parks.com\/da\/wp-json\/wp\/v2\/users\/1"}],"replies":[{"embeddable":true,"href":"https:\/\/www.luna-parks.com\/da\/wp-json\/wp\/v2\/comments?post=525"}],"version-history":[{"count":7,"href":"https:\/\/www.luna-parks.com\/da\/wp-json\/wp\/v2\/pages\/525\/revisions"}],"predecessor-version":[{"id":4995,"href":"https:\/\/www.luna-parks.com\/da\/wp-json\/wp\/v2\/pages\/525\/revisions\/4995"}],"wp:attachment":[{"href":"https:\/\/www.luna-parks.com\/da\/wp-json\/wp\/v2\/media?parent=525"}],"curies":[{"name":"wp","href":"https:\/\/api.w.org\/{rel}","templated":true}]}}